{"id":968,"date":"2023-04-24T21:19:07","date_gmt":"2023-04-24T19:19:07","guid":{"rendered":"https:\/\/danilegazfotografo.com\/?page_id=968"},"modified":"2023-04-24T21:36:34","modified_gmt":"2023-04-24T19:36:34","slug":"links-dani-legaz","status":"publish","type":"page","link":"https:\/\/danilegazfotografo.com\/ca\/links-dani-legaz\/","title":{"rendered":"Enlaces de Dani Legaz &#8211; Fot\u00f3grafo especializado en fotograf\u00eda infantil, maternidad, beb\u00e9s y familias en Vila-seca Tarragona"},"content":{"rendered":"<p>[et_pb_section fb_built=\u00bb1&#8243; theme_builder_area=\u00bbpost_content\u00bb _builder_version=\u00bb4.18.0&#8243; _module_preset=\u00bbdefault\u00bb][et_pb_row _builder_version=\u00bb4.18.0&#8243; _module_preset=\u00bbdefault\u00bb theme_builder_area=\u00bbpost_content\u00bb max_width=\u00bb768px\u00bb hover_enabled=\u00bb0&#8243; sticky_enabled=\u00bb0&#8243;][et_pb_column _builder_version=\u00bb4.18.0&#8243; _module_preset=\u00bbdefault\u00bb type=\u00bb4_4&#8243; theme_builder_area=\u00bbpost_content\u00bb][et_pb_text _builder_version=\u00bb4.18.0&#8243; _module_preset=\u00bbdefault\u00bb theme_builder_area=\u00bbpost_content\u00bb hover_enabled=\u00bb0&#8243; sticky_enabled=\u00bb0&#8243;]<\/p>\n<h2 style=\"text-align: center;\">Dani legaz Fotograf\u00eda<\/h2>\n<p style=\"text-align: center;\">Estudio de fotograf\u00eda en Vila-Seca, Tarragona<\/p>\n<p>[\/et_pb_text][et_pb_social_media_follow _builder_version=\u00bb4.18.0&#8243; _module_preset=\u00bbdefault\u00bb theme_builder_area=\u00bbpost_content\u00bb hover_enabled=\u00bb0&#8243; sticky_enabled=\u00bb0&#8243; text_orientation=\u00bbcenter\u00bb][et_pb_social_media_follow_network social_network=\u00bbfacebook\u00bb _builder_version=\u00bb4.18.0&#8243; _module_preset=\u00bbdefault\u00bb follow_button=\u00bboff\u00bb url_new_window=\u00bbon\u00bb theme_builder_area=\u00bbpost_content\u00bb background_enable_color=\u00bboff\u00bb icon_color=\u00bb#000000&#8243; hover_enabled=\u00bb0&#8243; sticky_enabled=\u00bb0&#8243; url=\u00bbhttps:\/\/www.facebook.com\/dani.legazfotografia\/?locale=es_ES\u00bb]facebook[\/et_pb_social_media_follow_network][et_pb_social_media_follow_network social_network=\u00bbinstagram\u00bb background_color=\u00bb#ea2c59&#8243; _builder_version=\u00bb4.18.0&#8243; _module_preset=\u00bbdefault\u00bb follow_button=\u00bboff\u00bb url_new_window=\u00bbon\u00bb theme_builder_area=\u00bbpost_content\u00bb background_enable_color=\u00bboff\u00bb icon_color=\u00bb#000000&#8243; hover_enabled=\u00bb0&#8243; sticky_enabled=\u00bb0&#8243; url=\u00bbhttps:\/\/www.instagram.com\/danilegazfotografo\/?hl=es\u00bb]instagram[\/et_pb_social_media_follow_network][\/et_pb_social_media_follow][et_pb_button button_text=\u00bbComuniones\u00bb _builder_version=\u00bb4.18.0&#8243; _module_preset=\u00bbdefault\u00bb theme_builder_area=\u00bbpost_content\u00bb hover_enabled=\u00bb0&#8243; sticky_enabled=\u00bb0&#8243; button_alignment=\u00bbcenter\u00bb custom_button=\u00bbon\u00bb custom_padding=\u00bb10px|10px|10px|10px|false|false\u00bb custom_margin=\u00bb10px|10px|10px|10px|false|false\u00bb button_border_width=\u00bb0px\u00bb custom_css_main_element=\u00bbwidth: 100%;||padding: 18px 30px !important;||position: relative;\u00bb button_bg_color=\u00bbrgba(0,0,0,0.1)\u00bb button_bg_enable_color=\u00bbon\u00bb button_text_color=\u00bb#000000&#8243; button_border_radius=\u00bb0px\u00bb button_url=\u00bbhttps:\/\/danilegazfotografo.com\/reportajes-comunion-infantil-estudio-fotografico-vila-seca-tarragona\/\u00bb][\/et_pb_button][et_pb_button button_text=\u00bbMaternidad\u00bb _builder_version=\u00bb4.18.0&#8243; _module_preset=\u00bbdefault\u00bb theme_builder_area=\u00bbpost_content\u00bb hover_enabled=\u00bb0&#8243; sticky_enabled=\u00bb0&#8243; button_alignment=\u00bbcenter\u00bb custom_button=\u00bbon\u00bb custom_padding=\u00bb10px|10px|10px|10px|false|false\u00bb custom_margin=\u00bb10px|10px|10px|10px|false|false\u00bb button_border_width=\u00bb0px\u00bb custom_css_main_element=\u00bbwidth: 100%;||padding: 18px 30px !important;||position: relative;\u00bb button_bg_color=\u00bbrgba(188,143,86,0.8)\u00bb button_bg_enable_color=\u00bbon\u00bb button_text_color=\u00bb#FFFFFF\u00bb button_border_radius=\u00bb0px\u00bb button_url=\u00bbhttps:\/\/danilegazfotografo.com\/reportajes-maternidad-embarazo-exterior-estudio-vila-seca-tarragona\/\u00bb][\/et_pb_button][et_pb_button button_text=\u00bbReci\u00e9n nacido\u00bb _builder_version=\u00bb4.18.0&#8243; _module_preset=\u00bbdefault\u00bb theme_builder_area=\u00bbpost_content\u00bb hover_enabled=\u00bb0&#8243; sticky_enabled=\u00bb0&#8243; button_alignment=\u00bbcenter\u00bb custom_button=\u00bbon\u00bb custom_padding=\u00bb10px|10px|10px|10px|false|false\u00bb custom_margin=\u00bb10px|10px|10px|10px|false|false\u00bb button_border_width=\u00bb0px\u00bb custom_css_main_element=\u00bbwidth: 100%;||padding: 18px 30px !important;||position: relative;\u00bb button_bg_color=\u00bb#000000&#8243; button_bg_enable_color=\u00bbon\u00bb button_text_color=\u00bb#FFFFFF\u00bb button_border_radius=\u00bb0px\u00bb button_url=\u00bbhttps:\/\/danilegazfotografo.com\/reportajes-newborn-bebes-vila-seca-tarragona\/\u00bb][\/et_pb_button][et_pb_button button_text=\u00bbSmash cake\u00bb _builder_version=\u00bb4.18.0&#8243; _module_preset=\u00bbdefault\u00bb theme_builder_area=\u00bbpost_content\u00bb hover_enabled=\u00bb0&#8243; sticky_enabled=\u00bb0&#8243; button_alignment=\u00bbcenter\u00bb custom_button=\u00bbon\u00bb custom_padding=\u00bb10px|10px|10px|10px|false|false\u00bb custom_margin=\u00bb10px|10px|10px|10px|false|false\u00bb button_border_width=\u00bb0px\u00bb custom_css_main_element=\u00bbwidth: 100%;||padding: 18px 30px !important;||position: relative;\u00bb button_bg_color=\u00bb#5f634f\u00bb button_bg_enable_color=\u00bbon\u00bb button_text_color=\u00bb#FFFFFF\u00bb button_border_radius=\u00bb0px\u00bb button_url=\u00bbhttps:\/\/danilegazfotografo.com\/estudio-fotografico-bebes-smash-cake-primer-cumpleanos\/\u00bb][\/et_pb_button][et_pb_button button_text=\u00bbFamilia\u00bb _builder_version=\u00bb4.18.0&#8243; _module_preset=\u00bbdefault\u00bb theme_builder_area=\u00bbpost_content\u00bb hover_enabled=\u00bb0&#8243; sticky_enabled=\u00bb0&#8243; button_alignment=\u00bbcenter\u00bb custom_button=\u00bbon\u00bb custom_padding=\u00bb10px|10px|10px|10px|false|false\u00bb custom_margin=\u00bb10px|10px|10px|10px|false|false\u00bb button_border_width=\u00bb0px\u00bb custom_css_main_element=\u00bbwidth: 100%;||padding: 18px 30px !important;||position: relative;\u00bb button_bg_color=\u00bbrgba(0,0,0,0.63)\u00bb button_bg_enable_color=\u00bbon\u00bb button_text_color=\u00bb#FFFFFF\u00bb button_border_radius=\u00bb0px\u00bb button_url=\u00bbhttps:\/\/danilegazfotografo.com\/reportajes-familiares-vila-seca-tarragona\/\u00bb][\/et_pb_button][et_pb_button button_text=\u00bbSeguimiento\u00bb _builder_version=\u00bb4.18.0&#8243; _module_preset=\u00bbdefault\u00bb theme_builder_area=\u00bbpost_content\u00bb hover_enabled=\u00bb0&#8243; sticky_enabled=\u00bb0&#8243; button_alignment=\u00bbcenter\u00bb custom_button=\u00bbon\u00bb custom_padding=\u00bb10px|10px|10px|10px|false|false\u00bb custom_margin=\u00bb10px|10px|10px|10px|false|false\u00bb button_border_width=\u00bb0px\u00bb custom_css_main_element=\u00bbwidth: 100%;||padding: 18px 30px !important;||position: relative;\u00bb button_bg_color=\u00bb#bc8f56&#8243; button_bg_enable_color=\u00bbon\u00bb button_text_color=\u00bb#FFFFFF\u00bb button_border_radius=\u00bb0px\u00bb button_url=\u00bbhttps:\/\/danilegazfotografo.com\/estudio-fotografico-bebes-seguimientos-primer-ano\/\u00bb][\/et_pb_button][et_pb_button button_text=\u00bbContacto\u00bb _builder_version=\u00bb4.18.0&#8243; _module_preset=\u00bbdefault\u00bb theme_builder_area=\u00bbpost_content\u00bb hover_enabled=\u00bb0&#8243; sticky_enabled=\u00bb0&#8243; button_alignment=\u00bbcenter\u00bb custom_button=\u00bbon\u00bb custom_padding=\u00bb10px|10px|10px|10px|false|false\u00bb custom_margin=\u00bb10px|10px|10px|10px|false|false\u00bb button_border_width=\u00bb0px\u00bb custom_css_main_element=\u00bbwidth: 100%;||padding: 18px 30px !important;||position: relative;\u00bb button_bg_color=\u00bbrgba(0,0,0,0.07)\u00bb button_bg_enable_color=\u00bbon\u00bb button_text_color=\u00bb#000000&#8243; button_border_radius=\u00bb0px\u00bb button_url=\u00bbhttps:\/\/danilegazfotografo.com\/contacto-dani-legaz-vila-seca-tarragona\/\u00bb][\/et_pb_button][\/et_pb_column][\/et_pb_row][et_pb_row _builder_version=\u00bb4.18.0&#8243; _module_preset=\u00bbdefault\u00bb theme_builder_area=\u00bbpost_content\u00bb max_width=\u00bb768px\u00bb hover_enabled=\u00bb0&#8243; sticky_enabled=\u00bb0&#8243;][et_pb_column _builder_version=\u00bb4.18.0&#8243; _module_preset=\u00bbdefault\u00bb type=\u00bb4_4&#8243; theme_builder_area=\u00bbpost_content\u00bb][et_pb_text _builder_version=\u00bb4.18.0&#8243; _module_preset=\u00bbdefault\u00bb theme_builder_area=\u00bbpost_content\u00bb hover_enabled=\u00bb0&#8243; sticky_enabled=\u00bb0&#8243;]<\/p>\n<h2 style=\"text-align: center;\">Quiz\u00e1s tambi\u00e9n te interese&#8230;<\/h2>\n<p>[\/et_pb_text][et_pb_blog _builder_version=\u00bb4.18.0&#8243; _module_preset=\u00bbdefault\u00bb theme_builder_area=\u00bbpost_content\u00bb posts_number=\u00bb3&#8243; fullwidth=\u00bboff\u00bb show_categories=\u00bboff\u00bb show_author=\u00bboff\u00bb show_date=\u00bboff\u00bb hover_enabled=\u00bb0&#8243; sticky_enabled=\u00bb0&#8243;][\/et_pb_blog][\/et_pb_column][\/et_pb_row][\/et_pb_section]<\/p>\n","protected":false},"excerpt":{"rendered":"<p>Dani legaz Fotograf\u00eda Estudio de fotograf\u00eda en Vila-Seca, TarragonaQuiz\u00e1s tambi\u00e9n te interese&#8230;<\/p>","protected":false},"author":2,"featured_media":0,"parent":0,"menu_order":0,"comment_status":"closed","ping_status":"closed","template":"","meta":{"_et_pb_use_builder":"on","_et_pb_old_content":"","_et_gb_content_width":"","two_page_speed":[],"_joinchat":[],"footnotes":""},"yoast_head":"<!-- This site is optimized with the Yoast SEO plugin v24.3 - https:\/\/yoast.com\/wordpress\/plugins\/seo\/ -->\n<title>Enlaces de Dani Legaz - Fot\u00f3grafo especializado en fotograf\u00eda infantil, maternidad, beb\u00e9s y familias en Vila-seca Tarragona<\/title>\n<meta name=\"description\" content=\"Descubre los principales enlaces de Dani Legaz, fot\u00f3grafo especializado en fotograf\u00eda infantil, maternidad, beb\u00e9s y familias en Vila-seca Tarragona. Encuentra toda la informaci\u00f3n que necesitas sobre los servicios de fotograf\u00eda y los reportajes que ofrece, as\u00ed como su portafolio y su blog. Adem\u00e1s, podr\u00e1s ponerte en contacto con \u00e9l para resolver cualquier duda o solicitar un presupuesto personalizado.\" \/>\n<meta name=\"robots\" content=\"index, follow, max-snippet:-1, max-image-preview:large, max-video-preview:-1\" \/>\n<link rel=\"canonical\" href=\"https:\/\/danilegazfotografo.com\/ca\/links-dani-legaz\/\" \/>\n<meta property=\"og:locale\" content=\"ca_ES\" \/>\n<meta property=\"og:type\" content=\"article\" \/>\n<meta property=\"og:title\" content=\"Enlaces de Dani Legaz - Fot\u00f3grafo especializado en fotograf\u00eda infantil, maternidad, beb\u00e9s y familias en Vila-seca Tarragona\" \/>\n<meta property=\"og:description\" content=\"Descubre los principales enlaces de Dani Legaz, fot\u00f3grafo especializado en fotograf\u00eda infantil, maternidad, beb\u00e9s y familias en Vila-seca Tarragona. Encuentra toda la informaci\u00f3n que necesitas sobre los servicios de fotograf\u00eda y los reportajes que ofrece, as\u00ed como su portafolio y su blog. Adem\u00e1s, podr\u00e1s ponerte en contacto con \u00e9l para resolver cualquier duda o solicitar un presupuesto personalizado.\" \/>\n<meta property=\"og:url\" content=\"https:\/\/danilegazfotografo.com\/ca\/links-dani-legaz\/\" \/>\n<meta property=\"og:site_name\" content=\"Estudio fotogr\u00e1fico especializado en fotograf\u00eda infantil, maternidad, beb\u00e9s y familias en Vila Seca Tarragona | Dani Legaz Fotograf\u00eda\" \/>\n<meta property=\"article:modified_time\" content=\"2023-04-24T19:36:34+00:00\" \/>\n<meta name=\"twitter:card\" content=\"summary_large_image\" \/>\n<script type=\"application\/ld+json\" class=\"yoast-schema-graph\">{\"@context\":\"https:\/\/schema.org\",\"@graph\":[{\"@type\":\"WebPage\",\"@id\":\"https:\/\/danilegazfotografo.com\/links-dani-legaz\/\",\"url\":\"https:\/\/danilegazfotografo.com\/links-dani-legaz\/\",\"name\":\"Enlaces de Dani Legaz - Fot\u00f3grafo especializado en fotograf\u00eda infantil, maternidad, beb\u00e9s y familias en Vila-seca Tarragona\",\"isPartOf\":{\"@id\":\"https:\/\/danilegazfotografo.com\/#website\"},\"datePublished\":\"2023-04-24T19:19:07+00:00\",\"dateModified\":\"2023-04-24T19:36:34+00:00\",\"description\":\"Descubre los principales enlaces de Dani Legaz, fot\u00f3grafo especializado en fotograf\u00eda infantil, maternidad, beb\u00e9s y familias en Vila-seca Tarragona. Encuentra toda la informaci\u00f3n que necesitas sobre los servicios de fotograf\u00eda y los reportajes que ofrece, as\u00ed como su portafolio y su blog. Adem\u00e1s, podr\u00e1s ponerte en contacto con \u00e9l para resolver cualquier duda o solicitar un presupuesto personalizado.\",\"breadcrumb\":{\"@id\":\"https:\/\/danilegazfotografo.com\/links-dani-legaz\/#breadcrumb\"},\"inLanguage\":\"ca\",\"potentialAction\":[{\"@type\":\"ReadAction\",\"target\":[\"https:\/\/danilegazfotografo.com\/links-dani-legaz\/\"]}]},{\"@type\":\"BreadcrumbList\",\"@id\":\"https:\/\/danilegazfotografo.com\/links-dani-legaz\/#breadcrumb\",\"itemListElement\":[{\"@type\":\"ListItem\",\"position\":1,\"name\":\"Portada\",\"item\":\"https:\/\/danilegazfotografo.com\/\"},{\"@type\":\"ListItem\",\"position\":2,\"name\":\"Enlaces de Dani Legaz &#8211; Fot\u00f3grafo especializado en fotograf\u00eda infantil, maternidad, beb\u00e9s y familias en Vila-seca Tarragona\"}]},{\"@type\":\"WebSite\",\"@id\":\"https:\/\/danilegazfotografo.com\/#website\",\"url\":\"https:\/\/danilegazfotografo.com\/\",\"name\":\"Estudio fotogr\u00e1fico especializado en fotograf\u00eda infantil, maternidad, beb\u00e9s y familias en Vila Seca Tarragona | Dani Legaz Fotograf\u00eda\",\"description\":\"En Dani Legaz Fotograf\u00eda, nuestro estudio fotogr\u00e1fico en Vila Seca Tarragona, somos especialistas en capturar los momentos m\u00e1s tiernos y emotivos de la vida de las familias. Ofrecemos reportajes en estudio y exteriores para beb\u00e9s, maternidad, ni\u00f1os y familias. \u00a1Cont\u00e1ctanos para crear juntos un recuerdo inolvidable!\",\"potentialAction\":[{\"@type\":\"SearchAction\",\"target\":{\"@type\":\"EntryPoint\",\"urlTemplate\":\"https:\/\/danilegazfotografo.com\/?s={search_term_string}\"},\"query-input\":{\"@type\":\"PropertyValueSpecification\",\"valueRequired\":true,\"valueName\":\"search_term_string\"}}],\"inLanguage\":\"ca\"}]}<\/script>\n<!-- \/ Yoast SEO plugin. -->","yoast_head_json":{"title":"Enlaces de Dani Legaz - Fot\u00f3grafo especializado en fotograf\u00eda infantil, maternidad, beb\u00e9s y familias en Vila-seca Tarragona","description":"Descubre los principales enlaces de Dani Legaz, fot\u00f3grafo especializado en fotograf\u00eda infantil, maternidad, beb\u00e9s y familias en Vila-seca Tarragona. Encuentra toda la informaci\u00f3n que necesitas sobre los servicios de fotograf\u00eda y los reportajes que ofrece, as\u00ed como su portafolio y su blog. Adem\u00e1s, podr\u00e1s ponerte en contacto con \u00e9l para resolver cualquier duda o solicitar un presupuesto personalizado.","robots":{"index":"index","follow":"follow","max-snippet":"max-snippet:-1","max-image-preview":"max-image-preview:large","max-video-preview":"max-video-preview:-1"},"canonical":"https:\/\/danilegazfotografo.com\/ca\/links-dani-legaz\/","og_locale":"ca_ES","og_type":"article","og_title":"Enlaces de Dani Legaz - Fot\u00f3grafo especializado en fotograf\u00eda infantil, maternidad, beb\u00e9s y familias en Vila-seca Tarragona","og_description":"Descubre los principales enlaces de Dani Legaz, fot\u00f3grafo especializado en fotograf\u00eda infantil, maternidad, beb\u00e9s y familias en Vila-seca Tarragona. Encuentra toda la informaci\u00f3n que necesitas sobre los servicios de fotograf\u00eda y los reportajes que ofrece, as\u00ed como su portafolio y su blog. Adem\u00e1s, podr\u00e1s ponerte en contacto con \u00e9l para resolver cualquier duda o solicitar un presupuesto personalizado.","og_url":"https:\/\/danilegazfotografo.com\/ca\/links-dani-legaz\/","og_site_name":"Estudio fotogr\u00e1fico especializado en fotograf\u00eda infantil, maternidad, beb\u00e9s y familias en Vila Seca Tarragona | Dani Legaz Fotograf\u00eda","article_modified_time":"2023-04-24T19:36:34+00:00","twitter_card":"summary_large_image","schema":{"@context":"https:\/\/schema.org","@graph":[{"@type":"WebPage","@id":"https:\/\/danilegazfotografo.com\/links-dani-legaz\/","url":"https:\/\/danilegazfotografo.com\/links-dani-legaz\/","name":"Enlaces de Dani Legaz - Fot\u00f3grafo especializado en fotograf\u00eda infantil, maternidad, beb\u00e9s y familias en Vila-seca Tarragona","isPartOf":{"@id":"https:\/\/danilegazfotografo.com\/#website"},"datePublished":"2023-04-24T19:19:07+00:00","dateModified":"2023-04-24T19:36:34+00:00","description":"Descubre los principales enlaces de Dani Legaz, fot\u00f3grafo especializado en fotograf\u00eda infantil, maternidad, beb\u00e9s y familias en Vila-seca Tarragona. Encuentra toda la informaci\u00f3n que necesitas sobre los servicios de fotograf\u00eda y los reportajes que ofrece, as\u00ed como su portafolio y su blog. Adem\u00e1s, podr\u00e1s ponerte en contacto con \u00e9l para resolver cualquier duda o solicitar un presupuesto personalizado.","breadcrumb":{"@id":"https:\/\/danilegazfotografo.com\/links-dani-legaz\/#breadcrumb"},"inLanguage":"ca","potentialAction":[{"@type":"ReadAction","target":["https:\/\/danilegazfotografo.com\/links-dani-legaz\/"]}]},{"@type":"BreadcrumbList","@id":"https:\/\/danilegazfotografo.com\/links-dani-legaz\/#breadcrumb","itemListElement":[{"@type":"ListItem","position":1,"name":"Portada","item":"https:\/\/danilegazfotografo.com\/"},{"@type":"ListItem","position":2,"name":"Enlaces de Dani Legaz &#8211; Fot\u00f3grafo especializado en fotograf\u00eda infantil, maternidad, beb\u00e9s y familias en Vila-seca Tarragona"}]},{"@type":"WebSite","@id":"https:\/\/danilegazfotografo.com\/#website","url":"https:\/\/danilegazfotografo.com\/","name":"Estudio fotogr\u00e1fico especializado en fotograf\u00eda infantil, maternidad, beb\u00e9s y familias en Vila Seca Tarragona | Dani Legaz Fotograf\u00eda","description":"En Dani Legaz Fotograf\u00eda, nuestro estudio fotogr\u00e1fico en Vila Seca Tarragona, somos especialistas en capturar los momentos m\u00e1s tiernos y emotivos de la vida de las familias. Ofrecemos reportajes en estudio y exteriores para beb\u00e9s, maternidad, ni\u00f1os y familias. \u00a1Cont\u00e1ctanos para crear juntos un recuerdo inolvidable!","potentialAction":[{"@type":"SearchAction","target":{"@type":"EntryPoint","urlTemplate":"https:\/\/danilegazfotografo.com\/?s={search_term_string}"},"query-input":{"@type":"PropertyValueSpecification","valueRequired":true,"valueName":"search_term_string"}}],"inLanguage":"ca"}]}},"_links":{"self":[{"href":"https:\/\/danilegazfotografo.com\/ca\/wp-json\/wp\/v2\/pages\/968"}],"collection":[{"href":"https:\/\/danilegazfotografo.com\/ca\/wp-json\/wp\/v2\/pages"}],"about":[{"href":"https:\/\/danilegazfotografo.com\/ca\/wp-json\/wp\/v2\/types\/page"}],"author":[{"embeddable":true,"href":"https:\/\/danilegazfotografo.com\/ca\/wp-json\/wp\/v2\/users\/2"}],"replies":[{"embeddable":true,"href":"https:\/\/danilegazfotografo.com\/ca\/wp-json\/wp\/v2\/comments?post=968"}],"version-history":[{"count":4,"href":"https:\/\/danilegazfotografo.com\/ca\/wp-json\/wp\/v2\/pages\/968\/revisions"}],"predecessor-version":[{"id":974,"href":"https:\/\/danilegazfotografo.com\/ca\/wp-json\/wp\/v2\/pages\/968\/revisions\/974"}],"wp:attachment":[{"href":"https:\/\/danilegazfotografo.com\/ca\/wp-json\/wp\/v2\/media?parent=968"}],"curies":[{"name":"wp","href":"https:\/\/api.w.org\/{rel}","templated":true}]}}