{"id":1867,"date":"2024-08-22T09:33:36","date_gmt":"2024-08-22T07:33:36","guid":{"rendered":"https:\/\/danilegazfotografo.com\/?page_id=1867"},"modified":"2024-08-22T09:33:41","modified_gmt":"2024-08-22T07:33:41","slug":"privacidad-redes-sociales","status":"publish","type":"page","link":"https:\/\/danilegazfotografo.com\/ca\/privacidad-redes-sociales\/","title":{"rendered":"Pol\u00edtica de Privacidad de Redes Sociales"},"content":{"rendered":"<p>De acuerdo con lo establecido por el Reglamento (UE) 2016\/679 del Parlamento Europeo y del Consejo, de 27 de abril de 2016, relativo a la protecci\u00f3n de las personas f\u00edsicas en lo que respecta al tratamiento de datos personales y a la libre circulaci\u00f3n de estos datos, RGPD, y dem\u00e1s normativa complementaria vigente, le informamos de que sus datos ser\u00e1n tratados bajo la responsabilidad de <strong>Daniel Legaz Pacheco<\/strong>, que informa a los Usuarios de que ha procedido a crear un perfil en las redes sociales con la finalidad principal de publicitar sus productos y servicios.<\/p>\n\n\n\n<p><strong>Datos identificativos del Responsable del tratamiento: <\/strong><\/p>\n\n\n\n<p>Denominaci\u00f3n Social: <strong>Daniel Legaz Pacheco <\/strong><\/p>\n\n\n\n<p>Domicilio Social: <strong>C\/ del Tenor Josep Forast\u00e9, 5<\/strong>, <strong>43480<\/strong>, <strong>Vila-seca<\/strong>, (<strong>Tarragona<\/strong>)<\/p>\n\n\n\n<p>CIF: <strong>39703423H<\/strong><\/p>\n\n\n\n<p>Tel\u00e9fono: <strong>977393713<\/strong><\/p>\n\n\n\n<p>E-Mail: <strong>info@danilegazfotografo.com<\/strong><\/p>\n\n\n\n<p>Sitio Web: <strong>https:\/\/www.danilegazfotografo.com<\/strong><\/p>\n\n\n\n<p>El Usuario dispone de un perfil en la misma Red Social y ha decidido de forma voluntaria unirse a la p\u00e1gina oficial creada por la <strong>Daniel Legaz Pacheco<\/strong>, mostrando as\u00ed inter\u00e9s en la informaci\u00f3n que se publicite en la Red.<\/p>\n\n\n\n<p>Al unirse a nuestra p\u00e1gina, nos facilita su consentimiento libre, inequ\u00edvoco, espec\u00edfico, informado y expreso para el tratamiento de aquellos datos personales publicados en su perfil. Asimismo, le indicamos que est\u00e1 prevista la elaboraci\u00f3n de perfiles, a fin de conocer los productos o servicios que m\u00e1s le puedan encajar, as\u00ed como la mejor forma de comunic\u00e1rselos, seg\u00fan sus preferencias o h\u00e1bitos mostrados, y que sean ofrecidos por <strong>Daniel Legaz Pacheco<\/strong>. El Usuario puede acceder en todo momento a las pol\u00edticas de privacidad de la propia Red Social, as\u00ed como configurar su perfil para garantizar su privacidad.<\/p>\n\n\n\n<p><strong>Daniel Legaz Pacheco <\/strong>tiene acceso y trata aquella informaci\u00f3n p\u00fablica del Usuario, en especial, su nombre de contacto. Estos datos s\u00f3lo son utilizados dentro de la propia Red Social y no son incorporados a ning\u00fan fichero.<\/p>\n\n\n\n<p><strong>Menores<\/strong><\/p>\n\n\n\n<p>El acceso y registro en esta red social est\u00e1 prohibido a menores de catorce (14) a\u00f1os. Si el usuario es menor de catorce (14) a\u00f1os, advierte que ser\u00e1 necesaria la asistencia consentida del titular de los padres, tutor, o representante legal para el acceso y uso de esta p\u00e1gina oficial de <strong>Daniel Legaz Pacheco<\/strong>, quedar\u00e1 expresamente exonerada de cualquier responsabilidad que pudiera derivarse del uso de su p\u00e1gina oficial por menores, siendo dicha responsabilidad de sus representantes legales.<\/p>\n\n\n\n<p><strong>Derechos<\/strong><\/p>\n\n\n\n<p>De acuerdo con los derechos que le confiere la normativa vigente en protecci\u00f3n de datos podr\u00e1 dirigirse a la Autoridad de Control competente para presentar la reclamaci\u00f3n que considere oportuna, as\u00ed como tambi\u00e9n podr\u00e1 ejercer los derechos de acceso, rectificaci\u00f3n, limitaci\u00f3n de tratamiento, supresi\u00f3n, portabilidad y oposici\u00f3n al tratamiento de sus datos de car\u00e1cter personal as\u00ed como a la retirada del consentimiento prestado para el tratamiento de los mismos, dirigiendo su petici\u00f3n a <strong>Daniel Legaz Pacheco<\/strong>, <strong>C\/ del Tenor Josep Forast\u00e9, 5<\/strong>, <strong>43480<\/strong>, <strong>Vila-seca<\/strong>, <strong>Tarragona<\/strong>, o bien al correo electr\u00f3nico <strong>info@danilegazfotografo.com<\/strong><\/p>\n\n\n\n<p><strong>Utilizaci\u00f3n del perfil<br><\/strong><strong>Daniel Legaz Pacheco <\/strong>realizar\u00e1 las siguientes actuaciones:<\/p>\n\n\n\n<ol>\n<li>Acceso a la informaci\u00f3n p\u00fablica del perfil.<\/li>\n\n\n\n<li>Publicaci\u00f3n en el perfil del Usuario de toda aquella informaci\u00f3n ya publicada en la p\u00e1gina de <strong>Daniel Legaz Pacheco<\/strong>.<\/li>\n\n\n\n<li>Enviar mensajes personales e individuales a trav\u00e9s de los canales de la Red Social.<\/li>\n\n\n\n<li>Actualizaciones del estado de la p\u00e1gina que se publicar\u00e1n en el perfil del Usuario.<\/li>\n<\/ol>\n\n\n\n<p>El Usuario siempre puede controlar sus conexiones, eliminar los contenidos que dejen de interesarle y restringir con qui\u00e9n comparte sus conexiones; para ello deber\u00e1 acceder a su configuraci\u00f3n de privacidad.<\/p>\n\n\n\n<p><strong>Publicaciones<\/strong><\/p>\n\n\n\n<p>El Usuario, una vez unido a la p\u00e1gina oficial de la <strong>Daniel Legaz Pacheco<\/strong>, podr\u00e1 publicar comentarios, enlaces, im\u00e1genes o fotograf\u00edas o cualquier otro tipo de contenido multimedia soportado por la Red Social. El Usuario, en todos los casos, debe ser el titular de los mismos, gozar de los derechos de autor y de propiedad intelectual o contar con el consentimiento de los terceros afectados. Se proh\u00edbe expresamente cualquier publicaci\u00f3n en la p\u00e1gina, ya sean textos, gr\u00e1ficos, fotograf\u00edas, v\u00eddeos, etc. que atenten o sean susceptibles de atentar contra la moral, la \u00e9tica, el buen gusto o el decoro, y\/o que infrinjan, violen o quebranten los derechos de propiedad intelectual o industrial, el derecho a la imagen o la Ley.<\/p>\n\n\n\n<p><strong>Daniel Legaz Pacheco <\/strong>se reserva el derecho a retirar de inmediato el contenido, de forma unilateral y sin previa comunicaci\u00f3n ni autorizaci\u00f3n del usuario, pudiendo solicitar el bloqueo permanente del Usuario.<\/p>\n\n\n\n<p><strong>Daniel Legaz Pacheco <\/strong>no se har\u00e1 responsable de los contenidos que libremente ha publicado un Usuario.<\/p>\n\n\n\n<p>El Usuario debe tener presente que sus publicaciones ser\u00e1n conocidas por los otros Usuarios, por lo que \u00e9l mismo es el principal responsable de su privacidad.<\/p>\n\n\n\n<p>Las im\u00e1genes que puedan publicarse en la p\u00e1gina no ser\u00e1n almacenadas en ning\u00fan fichero por parte de <strong>Daniel Legaz Pacheco <\/strong>pero s\u00ed que permanecer\u00e1n en la Red Social.<\/p>\n\n\n\n<p><strong>Concursos y promociones<\/strong><\/p>\n\n\n\n<p><strong>Daniel Legaz Pacheco <\/strong>se reserva el derecho a realizar concursos y promociones, en los que podr\u00e1 participar el Usuario unido a su p\u00e1gina. Las bases de cada uno de ellos, cuando se utilice para ello la plataforma de la Red Social, ser\u00e1n publicadas en la misma, cumpliendo siempre con la LSSICE y con cualquier otra norma que le sea de aplicaci\u00f3n.<\/p>\n\n\n\n<p>La Red Social no patrocina, avala, ni administra, de modo alguno, ninguna de nuestras promociones, ni est\u00e1 asociada a ninguna de ellas.<\/p>\n\n\n\n<p><strong>Publicidad<\/strong><\/p>\n\n\n\n<p><strong>Daniel Legaz Pacheco <\/strong>utilizar\u00e1 la Red Social para publicitar sus productos y servicios. En todo caso, si decide tratar sus datos de contacto para realizar acciones directas de prospecci\u00f3n comercial, ser\u00e1 siempre cumpliendo con las exigencias legales del RGPD-LOPDGDD y de la LSSICE.<\/p>\n\n\n\n<p>No se considerar\u00e1 publicidad el hecho de recomendar a otros Usuarios la p\u00e1gina de la <strong>Daniel Legaz Pacheco <\/strong>para que tambi\u00e9n ellos puedan disfrutar de las promociones o estar informados de su actividad.<\/p>\n\n\n\n<p>Otra informaci\u00f3n de inter\u00e9s<\/p>\n\n\n\n<p><strong>Daniel Legaz Pacheco<\/strong>, podr\u00e1 modificar y\/o sustituir en cualquier momento la presente pol\u00edtica que, seg\u00fan los casos, sustituir\u00e1, complementar\u00e1 y\/o modificar\u00e1 la actual publicada. Por ello el usuario deber\u00e1 de acceder peri\u00f3dicamente a la misma, con el fin de mantenerse actualizado.<\/p>\n\n\n\n<p>A continuaci\u00f3n, detallamos el enlace a la pol\u00edtica de privacidad de la Red Social:<\/p>\n\n\n\n<p>Facebook: <\/p>\n\n\n\n<p><a href=\"https:\/\/www.facebook.com\/help\/323540651073243\/ https:\/\/privacycenter.instagram.com\/\">https:\/\/www.facebook.com\/help\/323540651073243\/<\/a><\/p>\n\n\n\n<p>Instagram: <\/p>\n\n\n\n<p><a href=\"https:\/\/www.facebook.com\/help\/323540651073243\/ https:\/\/privacycenter.instagram.com\/\">https:\/\/privacycenter.instagram.com\/<\/a><\/p>\n\n\n\n<p>Twitter:<\/p>\n\n\n\n<p><a href=\"https:\/\/twitter.com\/privacy\">https:\/\/twitter.com\/privacy<\/a><\/p>\n\n\n\n<p>LinkedIN: <\/p>\n\n\n\n<p><a href=\"https:\/\/www.linkedin.com\/legal\/privacy-policy?_l=es_ES Youtube: http:\/\/www.youtube.com\/yt\/policyandsafety\/es\/\">https:\/\/www.linkedin.com\/legal\/privacy-policy?_l=es_ES Youtube: http:\/\/www.youtube.com\/yt\/policyandsafety\/es\/<\/a><\/p>\n\n\n\n<p>\u00daltima actualizaci\u00f3n: Lunes 19 de Agosto del 2024<\/p>","protected":false},"excerpt":{"rendered":"<p>De acuerdo con lo establecido por el Reglamento (UE) 2016\/679 del Parlamento Europeo y del Consejo, de 27 de abril de 2016, relativo a la protecci\u00f3n de las personas f\u00edsicas en lo que respecta al tratamiento de datos personales y a la libre circulaci\u00f3n de estos datos, RGPD, y dem\u00e1s normativa complementaria vigente, le informamos [&hellip;]<\/p>\n","protected":false},"author":1,"featured_media":0,"parent":0,"menu_order":0,"comment_status":"closed","ping_status":"closed","template":"","meta":{"_et_pb_use_builder":"off","_et_pb_old_content":"","_et_gb_content_width":"1080","two_page_speed":[],"_joinchat":[],"footnotes":""},"yoast_head":"<!-- This site is optimized with the Yoast SEO plugin v24.3 - https:\/\/yoast.com\/wordpress\/plugins\/seo\/ -->\n<title>Pol\u00edtica de Privacidad de Redes Sociales - Estudio fotogr\u00e1fico especializado en fotograf\u00eda infantil, maternidad, beb\u00e9s y familias en Vila Seca Tarragona | Dani Legaz Fotograf\u00eda<\/title>\n<meta name=\"robots\" content=\"index, follow, max-snippet:-1, max-image-preview:large, max-video-preview:-1\" \/>\n<link rel=\"canonical\" href=\"https:\/\/danilegazfotografo.com\/ca\/privacidad-redes-sociales\/\" \/>\n<meta property=\"og:locale\" content=\"ca_ES\" \/>\n<meta property=\"og:type\" content=\"article\" \/>\n<meta property=\"og:title\" content=\"Pol\u00edtica de Privacidad de Redes Sociales - Estudio fotogr\u00e1fico especializado en fotograf\u00eda infantil, maternidad, beb\u00e9s y familias en Vila Seca Tarragona | Dani Legaz Fotograf\u00eda\" \/>\n<meta property=\"og:description\" content=\"De acuerdo con lo establecido por el Reglamento (UE) 2016\/679 del Parlamento Europeo y del Consejo, de 27 de abril de 2016, relativo a la protecci\u00f3n de las personas f\u00edsicas en lo que respecta al tratamiento de datos personales y a la libre circulaci\u00f3n de estos datos, RGPD, y dem\u00e1s normativa complementaria vigente, le informamos [&hellip;]\" \/>\n<meta property=\"og:url\" content=\"https:\/\/danilegazfotografo.com\/ca\/privacidad-redes-sociales\/\" \/>\n<meta property=\"og:site_name\" content=\"Estudio fotogr\u00e1fico especializado en fotograf\u00eda infantil, maternidad, beb\u00e9s y familias en Vila Seca Tarragona | Dani Legaz Fotograf\u00eda\" \/>\n<meta property=\"article:modified_time\" content=\"2024-08-22T07:33:41+00:00\" \/>\n<meta name=\"twitter:card\" content=\"summary_large_image\" \/>\n<meta name=\"twitter:label1\" content=\"Temps estimat de lectura\" \/>\n\t<meta name=\"twitter:data1\" content=\"5 minuts\" \/>\n<script type=\"application\/ld+json\" class=\"yoast-schema-graph\">{\"@context\":\"https:\/\/schema.org\",\"@graph\":[{\"@type\":\"WebPage\",\"@id\":\"https:\/\/danilegazfotografo.com\/privacidad-redes-sociales\/\",\"url\":\"https:\/\/danilegazfotografo.com\/privacidad-redes-sociales\/\",\"name\":\"Pol\u00edtica de Privacidad de Redes Sociales - Estudio fotogr\u00e1fico especializado en fotograf\u00eda infantil, maternidad, beb\u00e9s y familias en Vila Seca Tarragona | Dani Legaz Fotograf\u00eda\",\"isPartOf\":{\"@id\":\"https:\/\/danilegazfotografo.com\/#website\"},\"datePublished\":\"2024-08-22T07:33:36+00:00\",\"dateModified\":\"2024-08-22T07:33:41+00:00\",\"breadcrumb\":{\"@id\":\"https:\/\/danilegazfotografo.com\/privacidad-redes-sociales\/#breadcrumb\"},\"inLanguage\":\"ca\",\"potentialAction\":[{\"@type\":\"ReadAction\",\"target\":[\"https:\/\/danilegazfotografo.com\/privacidad-redes-sociales\/\"]}]},{\"@type\":\"BreadcrumbList\",\"@id\":\"https:\/\/danilegazfotografo.com\/privacidad-redes-sociales\/#breadcrumb\",\"itemListElement\":[{\"@type\":\"ListItem\",\"position\":1,\"name\":\"Portada\",\"item\":\"https:\/\/danilegazfotografo.com\/\"},{\"@type\":\"ListItem\",\"position\":2,\"name\":\"Pol\u00edtica de Privacidad de Redes Sociales\"}]},{\"@type\":\"WebSite\",\"@id\":\"https:\/\/danilegazfotografo.com\/#website\",\"url\":\"https:\/\/danilegazfotografo.com\/\",\"name\":\"Estudio fotogr\u00e1fico especializado en fotograf\u00eda infantil, maternidad, beb\u00e9s y familias en Vila Seca Tarragona | Dani Legaz Fotograf\u00eda\",\"description\":\"En Dani Legaz Fotograf\u00eda, nuestro estudio fotogr\u00e1fico en Vila Seca Tarragona, somos especialistas en capturar los momentos m\u00e1s tiernos y emotivos de la vida de las familias. Ofrecemos reportajes en estudio y exteriores para beb\u00e9s, maternidad, ni\u00f1os y familias. \u00a1Cont\u00e1ctanos para crear juntos un recuerdo inolvidable!\",\"potentialAction\":[{\"@type\":\"SearchAction\",\"target\":{\"@type\":\"EntryPoint\",\"urlTemplate\":\"https:\/\/danilegazfotografo.com\/?s={search_term_string}\"},\"query-input\":{\"@type\":\"PropertyValueSpecification\",\"valueRequired\":true,\"valueName\":\"search_term_string\"}}],\"inLanguage\":\"ca\"}]}<\/script>\n<!-- \/ Yoast SEO plugin. -->","yoast_head_json":{"title":"Pol\u00edtica de Privacidad de Redes Sociales - Estudio fotogr\u00e1fico especializado en fotograf\u00eda infantil, maternidad, beb\u00e9s y familias en Vila Seca Tarragona | Dani Legaz Fotograf\u00eda","robots":{"index":"index","follow":"follow","max-snippet":"max-snippet:-1","max-image-preview":"max-image-preview:large","max-video-preview":"max-video-preview:-1"},"canonical":"https:\/\/danilegazfotografo.com\/ca\/privacidad-redes-sociales\/","og_locale":"ca_ES","og_type":"article","og_title":"Pol\u00edtica de Privacidad de Redes Sociales - Estudio fotogr\u00e1fico especializado en fotograf\u00eda infantil, maternidad, beb\u00e9s y familias en Vila Seca Tarragona | Dani Legaz Fotograf\u00eda","og_description":"De acuerdo con lo establecido por el Reglamento (UE) 2016\/679 del Parlamento Europeo y del Consejo, de 27 de abril de 2016, relativo a la protecci\u00f3n de las personas f\u00edsicas en lo que respecta al tratamiento de datos personales y a la libre circulaci\u00f3n de estos datos, RGPD, y dem\u00e1s normativa complementaria vigente, le informamos [&hellip;]","og_url":"https:\/\/danilegazfotografo.com\/ca\/privacidad-redes-sociales\/","og_site_name":"Estudio fotogr\u00e1fico especializado en fotograf\u00eda infantil, maternidad, beb\u00e9s y familias en Vila Seca Tarragona | Dani Legaz Fotograf\u00eda","article_modified_time":"2024-08-22T07:33:41+00:00","twitter_card":"summary_large_image","twitter_misc":{"Temps estimat de lectura":"5 minuts"},"schema":{"@context":"https:\/\/schema.org","@graph":[{"@type":"WebPage","@id":"https:\/\/danilegazfotografo.com\/privacidad-redes-sociales\/","url":"https:\/\/danilegazfotografo.com\/privacidad-redes-sociales\/","name":"Pol\u00edtica de Privacidad de Redes Sociales - Estudio fotogr\u00e1fico especializado en fotograf\u00eda infantil, maternidad, beb\u00e9s y familias en Vila Seca Tarragona | Dani Legaz Fotograf\u00eda","isPartOf":{"@id":"https:\/\/danilegazfotografo.com\/#website"},"datePublished":"2024-08-22T07:33:36+00:00","dateModified":"2024-08-22T07:33:41+00:00","breadcrumb":{"@id":"https:\/\/danilegazfotografo.com\/privacidad-redes-sociales\/#breadcrumb"},"inLanguage":"ca","potentialAction":[{"@type":"ReadAction","target":["https:\/\/danilegazfotografo.com\/privacidad-redes-sociales\/"]}]},{"@type":"BreadcrumbList","@id":"https:\/\/danilegazfotografo.com\/privacidad-redes-sociales\/#breadcrumb","itemListElement":[{"@type":"ListItem","position":1,"name":"Portada","item":"https:\/\/danilegazfotografo.com\/"},{"@type":"ListItem","position":2,"name":"Pol\u00edtica de Privacidad de Redes Sociales"}]},{"@type":"WebSite","@id":"https:\/\/danilegazfotografo.com\/#website","url":"https:\/\/danilegazfotografo.com\/","name":"Estudio fotogr\u00e1fico especializado en fotograf\u00eda infantil, maternidad, beb\u00e9s y familias en Vila Seca Tarragona | Dani Legaz Fotograf\u00eda","description":"En Dani Legaz Fotograf\u00eda, nuestro estudio fotogr\u00e1fico en Vila Seca Tarragona, somos especialistas en capturar los momentos m\u00e1s tiernos y emotivos de la vida de las familias. Ofrecemos reportajes en estudio y exteriores para beb\u00e9s, maternidad, ni\u00f1os y familias. \u00a1Cont\u00e1ctanos para crear juntos un recuerdo inolvidable!","potentialAction":[{"@type":"SearchAction","target":{"@type":"EntryPoint","urlTemplate":"https:\/\/danilegazfotografo.com\/?s={search_term_string}"},"query-input":{"@type":"PropertyValueSpecification","valueRequired":true,"valueName":"search_term_string"}}],"inLanguage":"ca"}]}},"_links":{"self":[{"href":"https:\/\/danilegazfotografo.com\/ca\/wp-json\/wp\/v2\/pages\/1867"}],"collection":[{"href":"https:\/\/danilegazfotografo.com\/ca\/wp-json\/wp\/v2\/pages"}],"about":[{"href":"https:\/\/danilegazfotografo.com\/ca\/wp-json\/wp\/v2\/types\/page"}],"author":[{"embeddable":true,"href":"https:\/\/danilegazfotografo.com\/ca\/wp-json\/wp\/v2\/users\/1"}],"replies":[{"embeddable":true,"href":"https:\/\/danilegazfotografo.com\/ca\/wp-json\/wp\/v2\/comments?post=1867"}],"version-history":[{"count":1,"href":"https:\/\/danilegazfotografo.com\/ca\/wp-json\/wp\/v2\/pages\/1867\/revisions"}],"predecessor-version":[{"id":1868,"href":"https:\/\/danilegazfotografo.com\/ca\/wp-json\/wp\/v2\/pages\/1867\/revisions\/1868"}],"wp:attachment":[{"href":"https:\/\/danilegazfotografo.com\/ca\/wp-json\/wp\/v2\/media?parent=1867"}],"curies":[{"name":"wp","href":"https:\/\/api.w.org\/{rel}","templated":true}]}}